{"id":592,"date":"2024-01-19T17:28:13","date_gmt":"2024-01-19T15:28:13","guid":{"rendered":"https:\/\/nathalie-mondot.com\/photo\/?page_id=592"},"modified":"2025-12-15T13:27:05","modified_gmt":"2025-12-15T11:27:05","slug":"ethnobotanique","status":"publish","type":"page","link":"https:\/\/nathalie-mondot.com\/photo\/ethnobotanique\/","title":{"rendered":"Ethnobotanique"},"content":{"rendered":"\n<p>Art, artisanat et ruralit\u00e9, cr\u00e9er, vivre et transmettre.<br>Je passe du temps dans les biblioth\u00e8ques, j\u2019y cherche, travaille et \u00e9cris. Je regarde pousser le vivant autour de moi en arpentant les campagnes.<br>Qu\u2019est ce qui diff\u00e9rencie un trait de crayon sur le papier d\u2019un panier tress\u00e9 de v\u00e9g\u00e9taux de saison qui ne ressemblera \u00e0 aucun autre ? Je me\/te raconte des histoires.<br>Et toi, que fais-tu de tes dix doigts ?<\/p>\n","protected":false},"excerpt":{"rendered":"<p>Art, artisanat et ruralit\u00e9, cr\u00e9er, vivre et transmettre.Je passe du temps dans les biblioth\u00e8ques, j\u2019y cherche, travaille et \u00e9cris. Je regarde pousser le vivant autour de moi [&hellip;]<\/p>\n","protected":false},"author":1,"featured_media":0,"parent":0,"menu_order":0,"comment_status":"closed","ping_status":"closed","template":"","meta":{"_monsterinsights_skip_tracking":false,"_monsterinsights_sitenote_active":false,"_monsterinsights_sitenote_note":"","_monsterinsights_sitenote_category":0,"footnotes":""},"aioseo_notices":[],"_links":{"self":[{"href":"https:\/\/nathalie-mondot.com\/photo\/wp-json\/wp\/v2\/pages\/592"}],"collection":[{"href":"https:\/\/nathalie-mondot.com\/photo\/wp-json\/wp\/v2\/pages"}],"about":[{"href":"https:\/\/nathalie-mondot.com\/photo\/wp-json\/wp\/v2\/types\/page"}],"author":[{"embeddable":true,"href":"https:\/\/nathalie-mondot.com\/photo\/wp-json\/wp\/v2\/users\/1"}],"replies":[{"embeddable":true,"href":"https:\/\/nathalie-mondot.com\/photo\/wp-json\/wp\/v2\/comments?post=592"}],"version-history":[{"count":3,"href":"https:\/\/nathalie-mondot.com\/photo\/wp-json\/wp\/v2\/pages\/592\/revisions"}],"predecessor-version":[{"id":671,"href":"https:\/\/nathalie-mondot.com\/photo\/wp-json\/wp\/v2\/pages\/592\/revisions\/671"}],"wp:attachment":[{"href":"https:\/\/nathalie-mondot.com\/photo\/wp-json\/wp\/v2\/media?parent=592"}],"curies":[{"name":"wp","href":"https:\/\/api.w.org\/{rel}","templated":true}]}}