{"id":464,"date":"2015-08-21T20:28:27","date_gmt":"2015-08-21T18:28:27","guid":{"rendered":"http:\/\/nathalie-mondot.com\/photo\/?page_id=464"},"modified":"2025-12-14T21:15:58","modified_gmt":"2025-12-14T19:15:58","slug":"presse","status":"publish","type":"page","link":"https:\/\/nathalie-mondot.com\/photo\/presse\/","title":{"rendered":"Presse \/ Publication"},"content":{"rendered":"<p><strong>Publications :<\/strong><\/p>\n<p>Enlarge your Paris, Un herbier parisien, https:\/\/www.enlargeyourparis.fr\/artdevivre\/une-ethnobotaniste-constitue-un-herbier-de-paris<\/p>\n<p>Ethnopharmacologia, n\u00b0 63, <em>Exprimer les maux des femmes<\/em>, Soci\u00e9t\u00e9 Fran\u00e7aise d\u2019Ethnopharmacologie, juin 2020.<\/p>\n<p>BURGART GOUTAL Jeanne, <a href=\"https:\/\/www.lechappee.org\/collections\/versus\/etre-ecofeministe\" target=\"_blank\" rel=\"noopener\"><em>Etre \u00e9cof\u00e9ministe, th\u00e9ories et pratiques<\/em><\/a>, L\u2019\u00e9chapp\u00e9e, 2020<\/p>\n<p>S!lence, <a href=\"https:\/\/www.revuesilence.net\/numeros\/474-Alternatives-en-Cote-d-Or-et-Yonne\/a-vincennes-recreer-des-liens-avec-le-monde-vegetal-et-entre-femmes\">Num\u00e9ro 474, janvier 2019<\/a>, A Vincennes, recr\u00e9er des liens avec le monde v\u00e9g\u00e9tal&#8230; et entre femmes<\/p>\n<p>Causette, #82, \u00ab\u00a0<a href=\"https:\/\/www.causette.fr\/le-mag\/lire-article\/article-1918\/foufoune-connais-toi-toi-ma-me.html\" target=\"_blank\" rel=\"noopener\">Dans la droite lign\u00e9e des f\u00e9ministes am\u00e9ricaines des seventies, les ateliers d\u2019exploration de l\u2019anatomie f\u00e9minine connaissent un regain d\u2019int\u00e9r\u00eat r\u00e9jouissant.<\/a>\u00ab\u00a0, 2017<\/p>\n<p>Gala Fur, <a href=\"https:\/\/www.amazon.fr\/Dictionnaire-illustr%C3%A9-BDSM-Gala-Fur\/dp\/2842718259\" target=\"_blank\" rel=\"noopener\">Dictionnaire illustr\u00e9 du BDSM<\/a>, \u00c9ditions La Musardine, 2016<\/p>\n<p>Ouest France, <a href=\"http:\/\/www.ouest-france.fr\/corps-et-matiere-simbriquent-au-cargo-3414171\" target=\"_blank\" rel=\"noopener\">Corps et mati\u00e8re s&rsquo;imbriquent au Carg\u00f6<\/a><\/p>\n<p>Cahier de dol\u00e9ances : Touche pas \u00e0 mon genre ?, Caroline Fourest, film documentaire : <a href=\"http:\/\/www.lcp.fr\/emissions\/cahiers-de-doleances\/vod\/166879-touche-pas-a-mon-genre\" target=\"_blank\" rel=\"noopener\">http:\/\/www.lcp.fr\/emissions\/cahiers-de-doleances\/vod\/166879-touche-pas-a-mon-genre<\/a><\/p>\n<p>Christiane Vollaire, \u00c9crits sur images : Sur Philippe Bazin, \u00c9ditions l&rsquo;Harmattan, 2012<\/p>\n<p>Lib\u00e9ration, Sexe et genre, <a href=\"http:\/\/next.liberation.fr\/sexe\/2014\/08\/29\/erosphere-un-lieu-et-un-reportage-interdit-aux-mineurs_1089535\" target=\"_blank\" rel=\"noopener\">Erosph\u00e8re : un lieu (et un reportage) interdit aux mineurs<\/a><\/p>\n<p>Fujifilm : <a href=\"http:\/\/www.fujifilm.fr\/E-magazine\/portraits\/nathalie-mondot-de-lombre-la-lumiere\" target=\"_blank\" rel=\"noopener\">http:\/\/www.fujifilm.fr\/E-magazine\/portraits\/nathalie-mondot-de-lombre-la-lumiere<\/a><\/p>\n","protected":false},"excerpt":{"rendered":"<p>Publications : Enlarge your Paris, Un herbier parisien, https:\/\/www.enlargeyourparis.fr\/artdevivre\/une-ethnobotaniste-constitue-un-herbier-de-paris Ethnopharmacologia, n\u00b0 63, Exprimer les maux des femmes, Soci\u00e9t\u00e9 Fran\u00e7aise d\u2019Ethnopharmacologie, juin 2020. BURGART GOUTAL Jeanne, Etre \u00e9cof\u00e9ministe, [&hellip;]<\/p>\n","protected":false},"author":1,"featured_media":0,"parent":0,"menu_order":0,"comment_status":"closed","ping_status":"closed","template":"","meta":{"_monsterinsights_skip_tracking":false,"_monsterinsights_sitenote_active":false,"_monsterinsights_sitenote_note":"","_monsterinsights_sitenote_category":0,"footnotes":""},"aioseo_notices":[],"_links":{"self":[{"href":"https:\/\/nathalie-mondot.com\/photo\/wp-json\/wp\/v2\/pages\/464"}],"collection":[{"href":"https:\/\/nathalie-mondot.com\/photo\/wp-json\/wp\/v2\/pages"}],"about":[{"href":"https:\/\/nathalie-mondot.com\/photo\/wp-json\/wp\/v2\/types\/page"}],"author":[{"embeddable":true,"href":"https:\/\/nathalie-mondot.com\/photo\/wp-json\/wp\/v2\/users\/1"}],"replies":[{"embeddable":true,"href":"https:\/\/nathalie-mondot.com\/photo\/wp-json\/wp\/v2\/comments?post=464"}],"version-history":[{"count":16,"href":"https:\/\/nathalie-mondot.com\/photo\/wp-json\/wp\/v2\/pages\/464\/revisions"}],"predecessor-version":[{"id":663,"href":"https:\/\/nathalie-mondot.com\/photo\/wp-json\/wp\/v2\/pages\/464\/revisions\/663"}],"wp:attachment":[{"href":"https:\/\/nathalie-mondot.com\/photo\/wp-json\/wp\/v2\/media?parent=464"}],"curies":[{"name":"wp","href":"https:\/\/api.w.org\/{rel}","templated":true}]}}