{"id":409,"date":"2015-08-19T12:17:47","date_gmt":"2015-08-19T10:17:47","guid":{"rendered":"http:\/\/nathalie-mondot.com\/photo\/?page_id=409"},"modified":"2026-02-05T21:36:45","modified_gmt":"2026-02-05T19:36:45","slug":"expositions","status":"publish","type":"page","link":"https:\/\/nathalie-mondot.com\/photo\/expositions\/","title":{"rendered":"C.V."},"content":{"rendered":"<p><strong>Expositions individuelles et collectives, R\u00e9sidences d&rsquo;artiste, Conf\u00e9rences, Colloques et Interventions :<\/strong><\/p>\n<p>*Mise \u00e0 jour en cours *<\/p>\n<p>2024 :<\/p>\n<p>&#8211; R\u00e9sidence artistique, Explorations v\u00e9g\u00e9tales, Le 19M, La Station Gare-des-mines, Paris, France.<br \/>\n&#8211; <em>Impressions v\u00e9g\u00e9tales,<\/em> La Grange aux blas-blas, Lu\u00e7ay-le-m\u00e2le, France.<\/p>\n<p>2023 :<\/p>\n<p>&#8211; <em>L&rsquo;herbier du Nord de de la Creuse,<\/em> La Celle-dunoise, France.<\/p>\n<p>2021 :<\/p>\n<p>&#8211;\u00a0<em>L&rsquo;herbier de bitume des canaux<\/em>, Paris, France.<\/p>\n<p>2020 :<\/p>\n<p>&#8211; La Station Gare des Mines, R\u00e9sidence d\u2019artiste, <em>Les Mauvaises herbes n\u2019existent pas<\/em>, Paris, France.<br \/>\n&#8211; <em>Des arbres sur le bitume<\/em>, Auberfabrik, Aubervilliers, France.<\/p>\n<p>2019 :<\/p>\n<p>&#8211; Soigner l\u2019intime autrement, colloque, Soci\u00e9t\u00e9 Fran\u00e7aise d\u2019Ethnopharmacologie, Metz, France<br \/>\n&#8211; Les Jardins ouverts d\u2019Ile de France, Vannerie sauvage \u00e0 la Butte Pinson, Montmagny, France.<br \/>\n&#8211; Collectif des Pinsons, Mauvaise herbe toi-m\u00eame, Montmagny, France.<br \/>\n&#8211; La transhumance du Grand Paris, D\u00e9ambulation botanique au milieu des brebis, Ile-de-France.<br \/>\n&#8211; Les flux, <a href=\"https:\/\/lesflux.substack.com\/p\/connais-toi-toi-mme--19-08-06#article2\" target=\"_blank\" rel=\"noopener\">Femmes &amp; Botanique<\/a>, Paris, France.<br \/>\n&#8211; Potager du Roi, Des plantes et des couleurs, Versailles, France.<br \/>\n&#8211; <a href=\"http:\/\/lepli.fr\/images\/programme_festival.pdf\" target=\"_blank\" rel=\"noopener\">Festival A CORPS VOULUS<\/a> &#8211; LePli, Bordeaux, France.<br \/>\n&#8211; Festival Gras Politique, Paris, France.<br \/>\n&#8211; La G\u00e9n\u00e9rale, Les plantes de nos rues, Paris, France.<br \/>\n&#8211; D\u00e9ambulations botaniques, \u00cele-de-France, France.<\/p>\n<p>2018 :<\/p>\n<p>&#8211; D\u00e9ambulations botaniques, \u00cele-de-France, France.<br \/>\n&#8211; #7 WITCHES Les Plantes Qui Soignent Ta Chatte!, Paris, France.<\/p>\n<p>2017 :<\/p>\n<p>&#8211; <em>Corps d&rsquo;eau<\/em>, exposition collective, Paris, France.<br \/>\n&#8211; Performance, Festival Sexy November, Nancy, France.<br \/>\n&#8211; R\u00e9sidence, <em><a href=\"http:\/\/rituelperformance.org\/wordpress\/\" target=\"_blank\" rel=\"noopener\">Rituel Performance<\/a><\/em>, sous la direction de Flo Kardinal, Th\u00e9\u00e2tre INTERFACE, Sion, Suisse<br \/>\n&#8211; <em>Parlons Chatte !<\/em>, Workshop dans le cadre du festival Subversion : Nom f\u00e9minin, Strasbourg, France.<br \/>\n&#8211; <em>Faces et autres genres<\/em>, 2012-2017 l&rsquo;int\u00e9gralit\u00e9 de la s\u00e9rie photo, dans le cadre du festival Le Poil Qui D\u00e9passe, POL&rsquo;N, Nantes, France.<br \/>\n&#8211; WorkShop DIY, dans le cadre du festival Le Poil Qui D\u00e9passe, POL&rsquo;N, Nantes, France.<br \/>\n&#8211; <a href=\"http:\/\/www.danse.lu\/evenements\/3-du-trois\/janvier-2017\/\" target=\"_blank\" rel=\"noopener\">A la crois\u00e9e des genres<\/a>, Un projet du TROIS C-L \u2013 Centre de Cr\u00e9ation Chor\u00e9graphique Luxembourgeois, Ville de Luxembourg<\/p>\n<p>2016 :<br \/>\n&#8211; Exposition collective Erosticratie, Photographies et vid\u00e9o, Galerie 59 Rivoli, Paris, France.<br \/>\n&#8211; <em><a href=\"http:\/\/www.erosticratie.fr\" target=\"_blank\" rel=\"noopener\">Erosph\u00e8re<\/a><\/em>, Paris, France. Workshop <em>Sweet PussY.<\/em><br \/>\n&#8211; <a href=\"https:\/\/www.facebook.com\/WTFFparis\/\" target=\"_blank\" rel=\"noopener\"><em>What the f*ck? Fest***!<\/em>, le festival des sexualit\u00e9s dissidentes<\/a>, Paris, France. Curatrice d&rsquo;<em> Identit\u00e9s DIY, fait maison ! <\/em>Exposition de photographies et installation.<br \/>\n&#8211; <em>V\u00e9g\u00e9tal<\/em>, une production de Flo Kardinal, performance, Paris, France. Assistante production.<br \/>\n&#8211;<em> Zone libre de genre<\/em>, photographies, exposition collective, galerie le studio 411, Montpellier, France.<br \/>\n&#8211; <em>D&rsquo;Eux<\/em>, exposition collective, Paris, France.<br \/>\n&#8211; Installation vid\u00e9o, Atelier Gustave, Paris, France. Rendu de r\u00e9sidence d&rsquo;artiste, Erosph\u00e8re 2015.<br \/>\n&#8211; Queer Week, exposition collective, Paris, France.<\/p>\n<p>2015 :<br \/>\n&#8211; Cabaret Rouge, performances, Nancy (F), Paris (F), Prague (CZ).<br \/>\n&#8211; <em>Onan<\/em>, performance, PlayNight, Paris, France<br \/>\n&#8211; <em>Les v\u00eapres d&rsquo;Onan<\/em>, performance, Festival Erosph\u00e8re, Paris, France.<br \/>\n&#8211; Exposition collective, Festival Erosph\u00e8re, Paris, France.<br \/>\n&#8211; R\u00e9sidence d\u2019artiste, Erosph\u00e8re, Paris, France.<br \/>\n&#8211; Burning Night, Paris, France.<br \/>\n&#8211; L\u2019Imaginarium, Paris, France.<br \/>\n&#8211; Corps Mati\u00e8re #2, Caen, France.<br \/>\n&#8211; <em>Mon nom est Rosa Winkel<\/em>, performance, Nancy, France.<br \/>\n&#8211; QueerWeek, Workshop, Paris, France.<br \/>\n&#8211; Aux fronti\u00e8res de l\u2019\u00e9rotisme cr\u00e9atif : quelles \u00e9mancipations ? Nancy, France.<\/p>\n<p>2014 :<br \/>\n&#8211; Queer Week, exposition collective, Paris, France.<br \/>\n&#8211; Installation \u00e0 la Dou\u00ebra, Malz\u00e9ville, France.<br \/>\n&#8211; R\u00e9sidence d\u2019artiste, T.O.T.E.M, Max\u00e9ville, France. EroSession, cr\u00e9\u00e9 et r\u00e9alis\u00e9 en collaboration avec Senzo M, dans le cadre de l\u2019Erosticratie.<br \/>\n&#8211; Erosphere, exposition collective et workshop, Paris, France.<br \/>\n&#8211; The Amazing Cabaret Rouge, T.O.T.E.M, Max\u00e9ville, France. Avec l\u2019Erosticratie, co-production du Dark Boudoir, costumi\u00e8re et exposition de photographies.<br \/>\n&#8211; <em>Faces et autres genres<\/em>, exposition de photographies, The night queer spirit, Nancy, France.<br \/>\n&#8211; <em>Mythologies personnelles<\/em>, exposition de photographies, Corpus Delicti II, Paris, France.<br \/>\n&#8211; <em>Faces et autres genres<\/em>, exposition personnelle, Centre LGBT, Paris.<\/p>\n<p>2011 :<br \/>\n&#8211; R\u00e9trospective des peintures 2009-2011, Ch\u00e2teau de Aulnois-sur-Seille, France.<\/p>\n<p>2010 :<br \/>\n&#8211; Festival des arts et du feu, Chaource, France.<\/p>\n<p>2009 :<br \/>\n&#8211; Les Chattes Hurlantes, exposition de photographies, Rennes, France.<\/p>\n","protected":false},"excerpt":{"rendered":"<p>Expositions individuelles et collectives, R\u00e9sidences d&rsquo;artiste, Conf\u00e9rences, Colloques et Interventions : *Mise \u00e0 jour en cours * 2024 : &#8211; R\u00e9sidence artistique, Explorations v\u00e9g\u00e9tales, Le 19M, La [&hellip;]<\/p>\n","protected":false},"author":1,"featured_media":0,"parent":0,"menu_order":0,"comment_status":"closed","ping_status":"closed","template":"","meta":{"_monsterinsights_skip_tracking":false,"_monsterinsights_sitenote_active":false,"_monsterinsights_sitenote_note":"","_monsterinsights_sitenote_category":0,"footnotes":""},"aioseo_notices":[],"_links":{"self":[{"href":"https:\/\/nathalie-mondot.com\/photo\/wp-json\/wp\/v2\/pages\/409"}],"collection":[{"href":"https:\/\/nathalie-mondot.com\/photo\/wp-json\/wp\/v2\/pages"}],"about":[{"href":"https:\/\/nathalie-mondot.com\/photo\/wp-json\/wp\/v2\/types\/page"}],"author":[{"embeddable":true,"href":"https:\/\/nathalie-mondot.com\/photo\/wp-json\/wp\/v2\/users\/1"}],"replies":[{"embeddable":true,"href":"https:\/\/nathalie-mondot.com\/photo\/wp-json\/wp\/v2\/comments?post=409"}],"version-history":[{"count":40,"href":"https:\/\/nathalie-mondot.com\/photo\/wp-json\/wp\/v2\/pages\/409\/revisions"}],"predecessor-version":[{"id":678,"href":"https:\/\/nathalie-mondot.com\/photo\/wp-json\/wp\/v2\/pages\/409\/revisions\/678"}],"wp:attachment":[{"href":"https:\/\/nathalie-mondot.com\/photo\/wp-json\/wp\/v2\/media?parent=409"}],"curies":[{"name":"wp","href":"https:\/\/api.w.org\/{rel}","templated":true}]}}