{"id":404,"date":"2015-08-19T12:14:39","date_gmt":"2015-08-19T10:14:39","guid":{"rendered":"http:\/\/nathalie-mondot.com\/photo\/?page_id=404"},"modified":"2015-08-22T08:37:10","modified_gmt":"2015-08-22T06:37:10","slug":"bio","status":"publish","type":"page","link":"https:\/\/nathalie-mondot.com\/photo\/bio\/","title":{"rendered":"Bio"},"content":{"rendered":"<p><a href=\"https:\/\/nathalie-mondot.com\/photo\/wp-content\/uploads\/2015\/08\/Nathalie-Mondot-Autoportrait-2013.jpg\"><img loading=\"lazy\" decoding=\"async\" class=\"alignright size-thumbnail wp-image-460\" src=\"https:\/\/nathalie-mondot.com\/photo\/wp-content\/uploads\/2015\/08\/Nathalie-Mondot-Autoportrait-2013-150x150.jpg\" alt=\"Nathalie Mondot, Autoportrait, 2013\" width=\"150\" height=\"150\" srcset=\"https:\/\/nathalie-mondot.com\/photo\/wp-content\/uploads\/2015\/08\/Nathalie-Mondot-Autoportrait-2013-150x150.jpg 150w, https:\/\/nathalie-mondot.com\/photo\/wp-content\/uploads\/2015\/08\/Nathalie-Mondot-Autoportrait-2013-300x300.jpg 300w, https:\/\/nathalie-mondot.com\/photo\/wp-content\/uploads\/2015\/08\/Nathalie-Mondot-Autoportrait-2013-500x500.jpg 500w, https:\/\/nathalie-mondot.com\/photo\/wp-content\/uploads\/2015\/08\/Nathalie-Mondot-Autoportrait-2013-88x88.jpg 88w, https:\/\/nathalie-mondot.com\/photo\/wp-content\/uploads\/2015\/08\/Nathalie-Mondot-Autoportrait-2013-508x508.jpg 508w, https:\/\/nathalie-mondot.com\/photo\/wp-content\/uploads\/2015\/08\/Nathalie-Mondot-Autoportrait-2013.jpg 800w\" sizes=\"(max-width: 150px) 100vw, 150px\" \/><\/a>Nathalie Mondot, n\u00e9e en France en 1977, est une artiste pluridisciplinaire (photographie, vid\u00e9o, performance, son, sculpture).<br \/>\nA ses d\u00e9buts, elle s\u2019int\u00e9resse principalement au dessin et d\u00e9veloppe un int\u00e9r\u00eat pour la photographie lors de ses \u00e9tudes aux beaux arts de Valenciennes. Ses premiers travaux portent principalement sur la sexualit\u00e9 et l\u2019identit\u00e9. Elle y interroge  le manque de  visibilit\u00e9 de l\u2019homosexualit\u00e9 dans une soci\u00e9t\u00e9 fran\u00e7aise qui traverse \u00e0 ce moment l\u00e0 sa premi\u00e8re \u00e9volution sociale pour l&rsquo;\u00e9galit\u00e9 des droits des couples h\u00e9t\u00e9rosexuels et homosexuels : le PACS.<br \/>\nS\u2019inspirant de courants de pens\u00e9e f\u00e9ministe, elle interroge \u00e9galement, durant cette p\u00e9riode, la place des femmes dans la soci\u00e9t\u00e9.<br \/>\nQuelques ann\u00e9es plus tard, elle commence \u00e0 mettre en sc\u00e8ne son propre corps, son genre en questionnant le sien, celui qui lui a \u00e9t\u00e9 assign\u00e9, celui qu&rsquo;elle peut emprunter. La <a href=\"https:\/\/nathalie-mondot.com\/photo\/category\/photographie\/\">photographie<\/a> devient pour elle le moyen de t\u00e9moigner de ce questionnement. La <a href=\"https:\/\/nathalie-mondot.com\/photo\/2015\/08\/faces-et-autres-genres\/\">premi\u00e8re partie de ce projet<\/a> est expos\u00e9e pour la premi\u00e8re fois en novembre 2014 au Centre LGBT Parid-IdF.<br \/>\nToujours pour garder une trace, un t\u00e9moignage du processus de r\u00e9appropriation du corps vol\u00e9, l&rsquo;artiste en vient \u00e0 filmer ses <a href=\"https:\/\/nathalie-mondot.com\/photo\/category\/performance\/\">performances<\/a>.<br \/>\nSes images sont tant\u00f4t suggestives, tant\u00f4t provocatrices et sans \u00e9quivoque. Le corps humain qu\u2019elle met en sc\u00e8ne, g\u00e9n\u00e9ralement dans le plus simple appareil, tient une place centrale dans son \u0153uvre.<\/p>\n","protected":false},"excerpt":{"rendered":"<p>Nathalie Mondot, n\u00e9e en France en 1977, est une artiste pluridisciplinaire (photographie, vid\u00e9o, performance, son, sculpture). A ses d\u00e9buts, elle s\u2019int\u00e9resse principalement au dessin et d\u00e9veloppe un [&hellip;]<\/p>\n","protected":false},"author":1,"featured_media":0,"parent":0,"menu_order":0,"comment_status":"closed","ping_status":"closed","template":"","meta":{"_monsterinsights_skip_tracking":false,"_monsterinsights_sitenote_active":false,"_monsterinsights_sitenote_note":"","_monsterinsights_sitenote_category":0,"footnotes":""},"aioseo_notices":[],"_links":{"self":[{"href":"https:\/\/nathalie-mondot.com\/photo\/wp-json\/wp\/v2\/pages\/404"}],"collection":[{"href":"https:\/\/nathalie-mondot.com\/photo\/wp-json\/wp\/v2\/pages"}],"about":[{"href":"https:\/\/nathalie-mondot.com\/photo\/wp-json\/wp\/v2\/types\/page"}],"author":[{"embeddable":true,"href":"https:\/\/nathalie-mondot.com\/photo\/wp-json\/wp\/v2\/users\/1"}],"replies":[{"embeddable":true,"href":"https:\/\/nathalie-mondot.com\/photo\/wp-json\/wp\/v2\/comments?post=404"}],"version-history":[{"count":8,"href":"https:\/\/nathalie-mondot.com\/photo\/wp-json\/wp\/v2\/pages\/404\/revisions"}],"predecessor-version":[{"id":474,"href":"https:\/\/nathalie-mondot.com\/photo\/wp-json\/wp\/v2\/pages\/404\/revisions\/474"}],"wp:attachment":[{"href":"https:\/\/nathalie-mondot.com\/photo\/wp-json\/wp\/v2\/media?parent=404"}],"curies":[{"name":"wp","href":"https:\/\/api.w.org\/{rel}","templated":true}]}}